{"id":6022,"date":"2022-10-25T15:32:28","date_gmt":"2022-10-25T12:32:28","guid":{"rendered":"https:\/\/rafine.spcstrategic.com.tr\/?page_id=6022"},"modified":"2026-02-16T13:49:12","modified_gmt":"2026-02-16T10:49:12","slug":"urunler-hizmetler","status":"publish","type":"page","link":"https:\/\/rafine.spcstrategic.com.tr\/en\/urunler-hizmetler\/","title":{"rendered":"\u00dcr\u00fcnler &#8211; Hizmetler"},"content":{"rendered":"<div id=\"fws_69e1ac654a132\"  data-column-margin=\"default\" data-midnight=\"dark\"  class=\"wpb_row vc_row-fluid vc_row\"  style=\"padding-top: 0px; padding-bottom: 0px; \"><div class=\"row-bg-wrap\" data-bg-animation=\"none\" data-bg-overlay=\"false\"><div class=\"inner-wrap\"><div class=\"row-bg\"  style=\"\"><\/div><\/div><\/div><div class=\"row_col_wrap_12 col span_12 dark left\">\n\t<div  class=\"vc_col-sm-12 wpb_column column_container vc_column_container col no-extra-padding inherit_tablet inherit_phone\"  data-padding-pos=\"all\" data-has-bg-color=\"false\" data-bg-color=\"\" data-bg-opacity=\"1\" data-animation=\"\" data-delay=\"0\" >\n\t\t<div class=\"vc_column-inner\" >\n\t\t\t<div class=\"wpb_wrapper\">\n\t\t\t\t\r\n<div class=\"nectar-animated-title\" data-style=\"hinge-drop\" data-color=\"extra-color-3\">\r\n\t<div class=\"nectar-animated-title-outer\">\r\n\t\t<div class=\"nectar-animated-title-inner\">\r\n\t\t\t<div class=\"wrap\"><h3 style=\"color: #ffffff;\">Products<\/h3><\/div>\r\n\t\t<\/div>\r\n\t<\/div>\r\n<\/div><div id=\"fws_69e1ac654a8a7\" data-midnight=\"\" data-column-margin=\"default\" class=\"wpb_row vc_row-fluid vc_row inner_row\"  style=\"\"><div class=\"row-bg-wrap\"> <div class=\"row-bg\" ><\/div> <\/div><div class=\"row_col_wrap_12_inner col span_12  left\">\n\t<div  class=\"vc_col-sm-6 wpb_column column_container vc_column_container col child_column no-extra-padding inherit_tablet inherit_phone\"   data-padding-pos=\"all\" data-has-bg-color=\"false\" data-bg-color=\"\" data-bg-opacity=\"1\" data-animation=\"\" data-delay=\"0\">\n\t\t<div class=\"vc_column-inner\" >\n\t\t<div class=\"wpb_wrapper\">\n\t\t\t<div class=\"vc_separator wpb_content_element vc_separator_align_center vc_sep_width_100 vc_sep_pos_align_center vc_sep_color_grey vc_separator-has-text\" ><span class=\"vc_sep_holder vc_sep_holder_l\"><span  class=\"vc_sep_line\"><\/span><\/span><h4>EN 590 10 PPM (Diesel)<\/h4><span class=\"vc_sep_holder vc_sep_holder_r\"><span  class=\"vc_sep_line\"><\/span><\/span>\n<\/div><div class=\"img-with-aniamtion-wrap\" data-max-width=\"100%\" data-max-width-mobile=\"default\" data-shadow=\"none\" data-animation=\"fade-in\" >\r\n      <div class=\"inner\">\r\n        <div class=\"hover-wrap\"> \r\n          <div class=\"hover-wrap-inner\">\r\n            <img loading=\"lazy\" decoding=\"async\" class=\"img-with-animation skip-lazy\" data-delay=\"0\" height=\"480\" width=\"1200\" data-animation=\"fade-in\" src=\"https:\/\/rafine.spcstrategic.com.tr\/wp-content\/uploads\/2026\/02\/EN590-10-PPM-Disel-Yakit.jpg\" alt=\"\" srcset=\"https:\/\/rafine.spcstrategic.com.tr\/wp-content\/uploads\/2026\/02\/EN590-10-PPM-Disel-Yakit.jpg 1200w, https:\/\/rafine.spcstrategic.com.tr\/wp-content\/uploads\/2026\/02\/EN590-10-PPM-Disel-Yakit-300x120.jpg 300w, https:\/\/rafine.spcstrategic.com.tr\/wp-content\/uploads\/2026\/02\/EN590-10-PPM-Disel-Yakit-1024x410.jpg 1024w, https:\/\/rafine.spcstrategic.com.tr\/wp-content\/uploads\/2026\/02\/EN590-10-PPM-Disel-Yakit-768x307.jpg 768w, https:\/\/rafine.spcstrategic.com.tr\/wp-content\/uploads\/2026\/02\/EN590-10-PPM-Disel-Yakit-18x7.jpg 18w\" sizes=\"auto, (min-width: 1450px) 75vw, (min-width: 1000px) 85vw, 100vw\" \/>\r\n          <\/div>\r\n        <\/div>\r\n      <\/div>\r\n    <\/div>\n\t\t<\/div> \n\t<\/div>\n\t<\/div> \n\n\t<div  class=\"vc_col-sm-6 wpb_column column_container vc_column_container col child_column no-extra-padding inherit_tablet inherit_phone\"   data-padding-pos=\"all\" data-has-bg-color=\"false\" data-bg-color=\"\" data-bg-opacity=\"1\" data-animation=\"\" data-delay=\"0\">\n\t\t<div class=\"vc_column-inner\" >\n\t\t<div class=\"wpb_wrapper\">\n\t\t\t<div class=\"vc_separator wpb_content_element vc_separator_align_center vc_sep_width_100 vc_sep_pos_align_center vc_sep_color_grey vc_separator-has-text\" ><span class=\"vc_sep_holder vc_sep_holder_l\"><span  class=\"vc_sep_line\"><\/span><\/span><h4>Jet A1 Fuel &amp; other aircraft fuels<\/h4><span class=\"vc_sep_holder vc_sep_holder_r\"><span  class=\"vc_sep_line\"><\/span><\/span>\n<\/div><div class=\"img-with-aniamtion-wrap\" data-max-width=\"100%\" data-max-width-mobile=\"default\" data-shadow=\"none\" data-animation=\"fade-in\" >\r\n      <div class=\"inner\">\r\n        <div class=\"hover-wrap\"> \r\n          <div class=\"hover-wrap-inner\">\r\n            <img loading=\"lazy\" decoding=\"async\" class=\"img-with-animation skip-lazy\" data-delay=\"0\" height=\"480\" width=\"1200\" data-animation=\"fade-in\" src=\"https:\/\/rafine.spcstrategic.com.tr\/wp-content\/uploads\/2026\/02\/A1-Jet-Yakiti.jpg\" alt=\"\" srcset=\"https:\/\/rafine.spcstrategic.com.tr\/wp-content\/uploads\/2026\/02\/A1-Jet-Yakiti.jpg 1200w, https:\/\/rafine.spcstrategic.com.tr\/wp-content\/uploads\/2026\/02\/A1-Jet-Yakiti-300x120.jpg 300w, https:\/\/rafine.spcstrategic.com.tr\/wp-content\/uploads\/2026\/02\/A1-Jet-Yakiti-1024x410.jpg 1024w, https:\/\/rafine.spcstrategic.com.tr\/wp-content\/uploads\/2026\/02\/A1-Jet-Yakiti-768x307.jpg 768w, https:\/\/rafine.spcstrategic.com.tr\/wp-content\/uploads\/2026\/02\/A1-Jet-Yakiti-18x7.jpg 18w\" sizes=\"auto, (min-width: 1450px) 75vw, (min-width: 1000px) 85vw, 100vw\" \/>\r\n          <\/div>\r\n        <\/div>\r\n      <\/div>\r\n    <\/div>\n\t\t<\/div> \n\t<\/div>\n\t<\/div> \n<\/div><\/div><div id=\"fws_69e1ac654bc3f\" data-midnight=\"\" data-column-margin=\"default\" class=\"wpb_row vc_row-fluid vc_row inner_row\"  style=\"\"><div class=\"row-bg-wrap\"> <div class=\"row-bg\" ><\/div> <\/div><div class=\"row_col_wrap_12_inner col span_12  left\">\n\t<div  class=\"vc_col-sm-6 wpb_column column_container vc_column_container col child_column no-extra-padding inherit_tablet inherit_phone\"   data-padding-pos=\"all\" data-has-bg-color=\"false\" data-bg-color=\"\" data-bg-opacity=\"1\" data-animation=\"\" data-delay=\"0\">\n\t\t<div class=\"vc_column-inner\" >\n\t\t<div class=\"wpb_wrapper\">\n\t\t\t<div class=\"vc_separator wpb_content_element vc_separator_align_center vc_sep_width_100 vc_sep_pos_align_center vc_sep_color_grey vc_separator-has-text\" ><span class=\"vc_sep_holder vc_sep_holder_l\"><span  class=\"vc_sep_line\"><\/span><\/span><h4>Granular \/ Powdered Sulphur<\/h4><span class=\"vc_sep_holder vc_sep_holder_r\"><span  class=\"vc_sep_line\"><\/span><\/span>\n<\/div><div class=\"img-with-aniamtion-wrap\" data-max-width=\"100%\" data-max-width-mobile=\"default\" data-shadow=\"none\" data-animation=\"fade-in\" >\r\n      <div class=\"inner\">\r\n        <div class=\"hover-wrap\"> \r\n          <div class=\"hover-wrap-inner\">\r\n            <img loading=\"lazy\" decoding=\"async\" class=\"img-with-animation skip-lazy\" data-delay=\"0\" height=\"480\" width=\"1200\" data-animation=\"fade-in\" src=\"https:\/\/rafine.spcstrategic.com.tr\/wp-content\/uploads\/2026\/02\/Granuler-Toz-Sulfur.jpg\" alt=\"\" srcset=\"https:\/\/rafine.spcstrategic.com.tr\/wp-content\/uploads\/2026\/02\/Granuler-Toz-Sulfur.jpg 1200w, https:\/\/rafine.spcstrategic.com.tr\/wp-content\/uploads\/2026\/02\/Granuler-Toz-Sulfur-300x120.jpg 300w, https:\/\/rafine.spcstrategic.com.tr\/wp-content\/uploads\/2026\/02\/Granuler-Toz-Sulfur-1024x410.jpg 1024w, https:\/\/rafine.spcstrategic.com.tr\/wp-content\/uploads\/2026\/02\/Granuler-Toz-Sulfur-768x307.jpg 768w, https:\/\/rafine.spcstrategic.com.tr\/wp-content\/uploads\/2026\/02\/Granuler-Toz-Sulfur-18x7.jpg 18w\" sizes=\"auto, (min-width: 1450px) 75vw, (min-width: 1000px) 85vw, 100vw\" \/>\r\n          <\/div>\r\n        <\/div>\r\n      <\/div>\r\n    <\/div>\n\t\t<\/div> \n\t<\/div>\n\t<\/div> \n\n\t<div  class=\"vc_col-sm-6 wpb_column column_container vc_column_container col child_column no-extra-padding inherit_tablet inherit_phone\"   data-padding-pos=\"all\" data-has-bg-color=\"false\" data-bg-color=\"\" data-bg-opacity=\"1\" data-animation=\"\" data-delay=\"0\">\n\t\t<div class=\"vc_column-inner\" >\n\t\t<div class=\"wpb_wrapper\">\n\t\t\t<div class=\"vc_separator wpb_content_element vc_separator_align_center vc_sep_width_100 vc_sep_pos_align_center vc_sep_color_grey vc_separator-has-text\" ><span class=\"vc_sep_holder vc_sep_holder_l\"><span  class=\"vc_sep_line\"><\/span><\/span><h4>Granular Urea<\/h4><span class=\"vc_sep_holder vc_sep_holder_r\"><span  class=\"vc_sep_line\"><\/span><\/span>\n<\/div><div class=\"img-with-aniamtion-wrap\" data-max-width=\"100%\" data-max-width-mobile=\"default\" data-shadow=\"none\" data-animation=\"fade-in\" >\r\n      <div class=\"inner\">\r\n        <div class=\"hover-wrap\"> \r\n          <div class=\"hover-wrap-inner\">\r\n            <img loading=\"lazy\" decoding=\"async\" class=\"img-with-animation skip-lazy\" data-delay=\"0\" height=\"480\" width=\"1200\" data-animation=\"fade-in\" src=\"https:\/\/rafine.spcstrategic.com.tr\/wp-content\/uploads\/2026\/02\/Granuler-Ure.jpg\" alt=\"\" srcset=\"https:\/\/rafine.spcstrategic.com.tr\/wp-content\/uploads\/2026\/02\/Granuler-Ure.jpg 1200w, https:\/\/rafine.spcstrategic.com.tr\/wp-content\/uploads\/2026\/02\/Granuler-Ure-300x120.jpg 300w, https:\/\/rafine.spcstrategic.com.tr\/wp-content\/uploads\/2026\/02\/Granuler-Ure-1024x410.jpg 1024w, https:\/\/rafine.spcstrategic.com.tr\/wp-content\/uploads\/2026\/02\/Granuler-Ure-768x307.jpg 768w, https:\/\/rafine.spcstrategic.com.tr\/wp-content\/uploads\/2026\/02\/Granuler-Ure-18x7.jpg 18w\" sizes=\"auto, (min-width: 1450px) 75vw, (min-width: 1000px) 85vw, 100vw\" \/>\r\n          <\/div>\r\n        <\/div>\r\n      <\/div>\r\n    <\/div>\n\t\t<\/div> \n\t<\/div>\n\t<\/div> \n<\/div><\/div>\r\n<div class=\"wpb_text_column wpb_content_element\" >\r\n\t<div class=\"wpb_wrapper\">\r\n\t\t<p>Aside from refined petroleum products we are also  ealing with commodity trading including gran\u00fcler sulfer and urea which are vital components in agriculture , medical and industry.<\/p>\n\t<\/div>\r\n<\/div>\r\n\r\n\r\n\r\n\n\t\t\t<\/div> \n\t\t<\/div>\n\t<\/div> \n<\/div><\/div>","protected":false},"excerpt":{"rendered":"\u00dcr\u00fcnler EN590 10 PPM (Disel Yak\u0131t) A1 Jet Yak\u0131t\u0131 Gran\u00fcler \/ Toz S\u00fclf\u00fcr Gran\u00fcler \u00dcre Rafine petrol \u00fcr\u00fcnlerinin yan\u0131 s\u0131ra, tar\u0131m, t\u0131p ve sanayide hayati \u00f6neme sahip bile\u015fenler olan gran\u00fcler...","protected":false},"author":6,"featured_media":0,"parent":0,"menu_order":0,"comment_status":"closed","ping_status":"closed","template":"","meta":{"footnotes":""},"class_list":["post-6022","page","type-page","status-publish"],"_links":{"self":[{"href":"https:\/\/rafine.spcstrategic.com.tr\/en\/wp-json\/wp\/v2\/pages\/6022","targetHints":{"allow":["GET"]}}],"collection":[{"href":"https:\/\/rafine.spcstrategic.com.tr\/en\/wp-json\/wp\/v2\/pages"}],"about":[{"href":"https:\/\/rafine.spcstrategic.com.tr\/en\/wp-json\/wp\/v2\/types\/page"}],"author":[{"embeddable":true,"href":"https:\/\/rafine.spcstrategic.com.tr\/en\/wp-json\/wp\/v2\/users\/6"}],"replies":[{"embeddable":true,"href":"https:\/\/rafine.spcstrategic.com.tr\/en\/wp-json\/wp\/v2\/comments?post=6022"}],"version-history":[{"count":19,"href":"https:\/\/rafine.spcstrategic.com.tr\/en\/wp-json\/wp\/v2\/pages\/6022\/revisions"}],"predecessor-version":[{"id":6249,"href":"https:\/\/rafine.spcstrategic.com.tr\/en\/wp-json\/wp\/v2\/pages\/6022\/revisions\/6249"}],"wp:attachment":[{"href":"https:\/\/rafine.spcstrategic.com.tr\/en\/wp-json\/wp\/v2\/media?parent=6022"}],"curies":[{"name":"wp","href":"https:\/\/api.w.org\/{rel}","templated":true}]}}