{"id":6016,"date":"2022-10-25T15:30:13","date_gmt":"2022-10-25T12:30:13","guid":{"rendered":"https:\/\/rafine.spcstrategic.com.tr\/?page_id=6016"},"modified":"2026-02-16T13:39:26","modified_gmt":"2026-02-16T10:39:26","slug":"kurumsal","status":"publish","type":"page","link":"https:\/\/rafine.spcstrategic.com.tr\/en\/kurumsal\/","title":{"rendered":"Corporate"},"content":{"rendered":"<div id=\"fws_69e1aa94d1e94\"  data-column-margin=\"default\" data-midnight=\"dark\"  class=\"wpb_row vc_row-fluid vc_row\"  style=\"padding-top: 0px; padding-bottom: 0px; \"><div class=\"row-bg-wrap\" data-bg-animation=\"none\" data-bg-overlay=\"false\"><div class=\"inner-wrap\"><div class=\"row-bg\"  style=\"\"><\/div><\/div><\/div><div class=\"row_col_wrap_12 col span_12 dark left\">\n\t<div  class=\"vc_col-sm-12 wpb_column column_container vc_column_container col no-extra-padding inherit_tablet inherit_phone\"  data-padding-pos=\"all\" data-has-bg-color=\"false\" data-bg-color=\"\" data-bg-opacity=\"1\" data-animation=\"\" data-delay=\"0\" >\n\t\t<div class=\"vc_column-inner\" >\n\t\t\t<div class=\"wpb_wrapper\">\n\t\t\t\t\r\n<div class=\"nectar-animated-title\" data-style=\"hinge-drop\" data-color=\"extra-color-3\">\r\n\t<div class=\"nectar-animated-title-outer\">\r\n\t\t<div class=\"nectar-animated-title-inner\">\r\n\t\t\t<div class=\"wrap\"><h3 style=\"color: #ffffff;\">Corporate<\/h3><\/div>\r\n\t\t<\/div>\r\n\t<\/div>\r\n<\/div>\n\t\t\t<\/div> \n\t\t<\/div>\n\t<\/div> \n<\/div><\/div>\r\n\t\t<div id=\"fws_69e1aa94d26ed\"  data-column-margin=\"default\" data-midnight=\"dark\"  class=\"wpb_row vc_row-fluid vc_row\"  style=\"padding-top: 0px; padding-bottom: 0px; \"><div class=\"row-bg-wrap\" data-bg-animation=\"none\" data-bg-overlay=\"false\"><div class=\"inner-wrap\"><div class=\"row-bg\"  style=\"\"><\/div><\/div><\/div><div class=\"row_col_wrap_12 col span_12 dark left\">\n\t<div  class=\"vc_col-sm-6 wpb_column column_container vc_column_container col no-extra-padding inherit_tablet inherit_phone\"  data-padding-pos=\"all\" data-has-bg-color=\"false\" data-bg-color=\"\" data-bg-opacity=\"1\" data-animation=\"\" data-delay=\"0\" >\n\t\t<div class=\"vc_column-inner\" >\n\t\t\t<div class=\"wpb_wrapper\">\n\t\t\t\t<div class=\"img-with-aniamtion-wrap\" data-max-width=\"100%\" data-max-width-mobile=\"default\" data-shadow=\"none\" data-animation=\"grow-in\" >\r\n      <div class=\"inner\">\r\n        <div class=\"hover-wrap\"> \r\n          <div class=\"hover-wrap-inner\">\r\n            <img loading=\"lazy\" decoding=\"async\" class=\"img-with-animation skip-lazy\" data-delay=\"0\" height=\"681\" width=\"1033\" data-animation=\"grow-in\" src=\"https:\/\/rafine.spcstrategic.com.tr\/wp-content\/uploads\/2026\/02\/petrol-spc.jpeg\" alt=\"\" srcset=\"https:\/\/rafine.spcstrategic.com.tr\/wp-content\/uploads\/2026\/02\/petrol-spc.jpeg 1033w, https:\/\/rafine.spcstrategic.com.tr\/wp-content\/uploads\/2026\/02\/petrol-spc-300x198.jpeg 300w, https:\/\/rafine.spcstrategic.com.tr\/wp-content\/uploads\/2026\/02\/petrol-spc-1024x675.jpeg 1024w, https:\/\/rafine.spcstrategic.com.tr\/wp-content\/uploads\/2026\/02\/petrol-spc-768x506.jpeg 768w, https:\/\/rafine.spcstrategic.com.tr\/wp-content\/uploads\/2026\/02\/petrol-spc-18x12.jpeg 18w\" sizes=\"auto, (min-width: 1450px) 75vw, (min-width: 1000px) 85vw, 100vw\" \/>\r\n          <\/div>\r\n        <\/div>\r\n      <\/div>\r\n    <\/div>\n\t\t\t<\/div> \n\t\t<\/div>\n\t<\/div> \n\n\t<div  class=\"vc_col-sm-6 wpb_column column_container vc_column_container col no-extra-padding inherit_tablet inherit_phone\"  data-padding-pos=\"all\" data-has-bg-color=\"false\" data-bg-color=\"\" data-bg-opacity=\"1\" data-animation=\"\" data-delay=\"0\" >\n\t\t<div class=\"vc_column-inner\" >\n\t\t\t<div class=\"wpb_wrapper\">\n\t\t\t\t\r\n<div class=\"wpb_text_column wpb_content_element\" >\r\n\t<div class=\"wpb_wrapper\">\r\n\t\t<div style=\"text-align: justify;\">\n<p>SPC is an international refined petroleum advisory, trading and brokerage\ncompany. SPC works directly together with leading and world\u2019s largest refined\npetroleum product suppliers, securing product availability at competitive prices\nin accordance with international compliance.<\/p>\n<p>SPC is domiciled in \u0130stanbul \/ Turkiye and soon represantative office in Dubai\nUAE and has a global reach in its business operations servicing clients Middle\neast , Africa and Eastern Europe , MANA as well as US. Our managers have\ncombine over 15 years industry experience within trading, advisory and\nbrokerage.<\/p>\n<p class=\" translation-block\">SPC has an excellent reputation among product suppliers \/ end users and\nsafeguards the reputation by employing a detailed due diligence on all ongoing\nand new business relationships, intermediates and clients.<\/p>\n<p>Our expertise and credibilty come from own corporate ethics , diversifed global\nvision , understanding and monitoring pricing trends &amp; market dynamics.<\/p>\n<p class=\" translation-block\">\u0130ster al\u0131c\u0131 ister sat\u0131c\u0131 olun, rafine petrol sekt\u00f6r\u00fcndeki hedeflerinize ula\u015fman\u0131za<br>\r\nyard\u0131mc\u0131 olacak uzmanl\u0131\u011fa ve kaynaklara sahibiz.<\/p>\n<p class=\" translation-block\">Rafine petrol \u00fcr\u00fcnlerinin yan\u0131 s\u0131ra, tar\u0131m, t\u0131p ve sanayide hayati \u00f6neme sahip<br>\r\nbile\u015fenler olan gran\u00fcler k\u00fck\u00fcrt ve \u00fcre de dahil olmak \u00fczere emtia ticaretiyle de<br>\r\nilgileniyoruz. Detaylar yada fazlas\u0131 i\u00e7in irtibata ge\u00e7menizi rica ederiz.<\/p>\n<p>Products<\/p>\n<ul>\n<li>EN 590 10 PPM (Diesel)<\/li>\n<li>Jet A1 Fuel &amp; other aircraft fuels<\/li>\n<li>Granular \/ Powdered Sulphur<\/li>\n<li>Granular Urea<\/li>\n<\/ul>\n<\/div>\n\t<\/div>\r\n<\/div>\r\n\r\n\r\n\r\n\n\t\t\t<\/div> \n\t\t<\/div>\n\t<\/div> \n<\/div><\/div>","protected":false},"excerpt":{"rendered":"Kurumsal SPC, uluslararas\u0131 arenada faaliyet g\u00f6steren rafine petrol \u00fcr\u00fcnleri dan\u0131\u015fmanl\u0131k ve arac\u0131l\u0131k \u015firketidir. SPC, \u00f6nde gelen ve d\u00fcnyan\u0131n en b\u00fcy\u00fck rafine petrol \u00fcr\u00fcn tedarik\u00e7ileriyle do\u011frudan \u00e7al\u0131\u015farak, uluslararas\u0131 uyumlulu\u011fa uygun olarak...","protected":false},"author":6,"featured_media":0,"parent":0,"menu_order":0,"comment_status":"closed","ping_status":"closed","template":"","meta":{"footnotes":""},"class_list":["post-6016","page","type-page","status-publish"],"_links":{"self":[{"href":"https:\/\/rafine.spcstrategic.com.tr\/en\/wp-json\/wp\/v2\/pages\/6016","targetHints":{"allow":["GET"]}}],"collection":[{"href":"https:\/\/rafine.spcstrategic.com.tr\/en\/wp-json\/wp\/v2\/pages"}],"about":[{"href":"https:\/\/rafine.spcstrategic.com.tr\/en\/wp-json\/wp\/v2\/types\/page"}],"author":[{"embeddable":true,"href":"https:\/\/rafine.spcstrategic.com.tr\/en\/wp-json\/wp\/v2\/users\/6"}],"replies":[{"embeddable":true,"href":"https:\/\/rafine.spcstrategic.com.tr\/en\/wp-json\/wp\/v2\/comments?post=6016"}],"version-history":[{"count":21,"href":"https:\/\/rafine.spcstrategic.com.tr\/en\/wp-json\/wp\/v2\/pages\/6016\/revisions"}],"predecessor-version":[{"id":6237,"href":"https:\/\/rafine.spcstrategic.com.tr\/en\/wp-json\/wp\/v2\/pages\/6016\/revisions\/6237"}],"wp:attachment":[{"href":"https:\/\/rafine.spcstrategic.com.tr\/en\/wp-json\/wp\/v2\/media?parent=6016"}],"curies":[{"name":"wp","href":"https:\/\/api.w.org\/{rel}","templated":true}]}}