{"id":14,"date":"2016-07-14T02:28:51","date_gmt":"2016-07-13T23:28:51","guid":{"rendered":"https:\/\/rafine.spcstrategic.com.tr\/?page_id=14"},"modified":"2022-11-21T22:06:22","modified_gmt":"2022-11-21T19:06:22","slug":"iletisim","status":"publish","type":"page","link":"https:\/\/rafine.spcstrategic.com.tr\/en\/iletisim\/","title":{"rendered":"Contact"},"content":{"rendered":"<div id=\"fws_69e1aa5454521\"  data-column-margin=\"default\" data-midnight=\"dark\"  class=\"wpb_row vc_row-fluid vc_row\"  style=\"padding-top: 0px; padding-bottom: 0px; \"><div class=\"row-bg-wrap\" data-bg-animation=\"none\" data-bg-overlay=\"false\"><div class=\"inner-wrap\"><div class=\"row-bg\"  style=\"\"><\/div><\/div><\/div><div class=\"row_col_wrap_12 col span_12 dark left\">\n\t<div  class=\"vc_col-sm-12 wpb_column column_container vc_column_container col no-extra-padding inherit_tablet inherit_phone\"  data-padding-pos=\"all\" data-has-bg-color=\"false\" data-bg-color=\"\" data-bg-opacity=\"1\" data-animation=\"\" data-delay=\"0\" >\n\t\t<div class=\"vc_column-inner\" >\n\t\t\t<div class=\"wpb_wrapper\">\n\t\t\t\t\r\n<div class=\"nectar-animated-title\" data-style=\"hinge-drop\" data-color=\"extra-color-3\">\r\n\t<div class=\"nectar-animated-title-outer\">\r\n\t\t<div class=\"nectar-animated-title-inner\">\r\n\t\t\t<div class=\"wrap\"><h3 style=\"color: #ffffff;\">Contact<\/h3><\/div>\r\n\t\t<\/div>\r\n\t<\/div>\r\n<\/div>\n\t\t\t<\/div> \n\t\t<\/div>\n\t<\/div> \n<\/div><\/div>\r\n\t\t<div id=\"fws_69e1aa5454ef0\"  data-column-margin=\"default\" data-midnight=\"dark\"  class=\"wpb_row vc_row-fluid vc_row   right_padding_10px left_padding_10px\"  style=\"padding-top: 10px; padding-bottom: 10px; \"><div class=\"row-bg-wrap\" data-bg-animation=\"none\" data-bg-overlay=\"false\"><div class=\"inner-wrap\"><div class=\"row-bg using-bg-color\"  style=\"background-color: #ededed; \"><\/div><\/div><\/div><div class=\"row_col_wrap_12 col span_12 dark left\">\n\t<div  class=\"vc_col-sm-6 wpb_column column_container vc_column_container col no-extra-padding inherit_tablet inherit_phone\"  data-padding-pos=\"all\" data-has-bg-color=\"false\" data-bg-color=\"\" data-bg-opacity=\"1\" data-animation=\"\" data-delay=\"0\" >\n\t\t<div class=\"vc_column-inner\" >\n\t\t\t<div class=\"wpb_wrapper\">\n\t\t\t\t<h2 style=\"text-align: left;font-family:Roboto;font-weight:500;font-style:normal\" class=\"vc_custom_heading\" >Contact us<\/h2>\r\n<div class=\"wpb_text_column wpb_content_element\" >\r\n\t<div class=\"wpb_wrapper\">\r\n\t\t<p>Address: Etiler Mahallesi, Arnavutk\u00f6y Yol soka\u011f\u0131 No:5<br \/>\nBe\u015fikta\u015f \/ \u0130stanbul \/ T\u00fcrkiye<br \/>\nE-mail: info@spcstrategic.com<\/p>\n\t<\/div>\r\n<\/div>\r\n\r\n\r\n\r\n<div id=\"fws_69e1aa5455991\" data-midnight=\"\" data-column-margin=\"default\" class=\"wpb_row vc_row-fluid vc_row inner_row\"  style=\"\"><div class=\"row-bg-wrap\"> <div class=\"row-bg\" ><\/div> <\/div><div class=\"row_col_wrap_12_inner col span_12  left\">\n\t<div  class=\"vc_col-sm-12 wpb_column column_container vc_column_container col child_column no-extra-padding inherit_tablet inherit_phone\"   data-padding-pos=\"all\" data-has-bg-color=\"false\" data-bg-color=\"\" data-bg-opacity=\"1\" data-animation=\"\" data-delay=\"0\">\n\t\t<div class=\"vc_column-inner\" >\n\t\t<div class=\"wpb_wrapper\">\n\t\t\t<div class=\"nectar_icon_wrap\" data-style=\"default\" data-padding=\"20px\" data-color=\"accent-color\" style=\"\" >\r\n\t\t<div class=\"nectar_icon icon_color_custom_a31ecc\" ><a href=\"https:\/\/www.instagram.com\/spcstrategic\/\" ><\/a><i style=\"font-size: 25px; line-height: 25px; height: 25px; width: 25px;\" class=\"fa fa-instagram\"><\/i><\/div>\r\n\t<\/div><div class=\"nectar_icon_wrap\" data-style=\"default\" data-padding=\"20px\" data-color=\"accent-color\" style=\"\" >\r\n\t\t<div class=\"nectar_icon icon_color_custom_2559f7\" ><a href=\"https:\/\/www.linkedin.com\/company\/spc-strategic-defence-consultancy\/\" ><\/a><i style=\"font-size: 25px; line-height: 25px; height: 25px; width: 25px;\" class=\"fa fa-linkedin-square\"><\/i><\/div>\r\n\t<\/div>\n\t\t<\/div> \n\t<\/div>\n\t<\/div> \n<\/div><\/div>\n\t\t\t<\/div> \n\t\t<\/div>\n\t<\/div> \n\n\t<div  class=\"vc_col-sm-6 wpb_column column_container vc_column_container col no-extra-padding inherit_tablet inherit_phone\"  data-padding-pos=\"all\" data-has-bg-color=\"false\" data-bg-color=\"\" data-bg-opacity=\"1\" data-animation=\"\" data-delay=\"0\" >\n\t\t<div class=\"vc_column-inner\" >\n\t\t\t<div class=\"wpb_wrapper\">\n\t\t\t\t<h2 style=\"text-align: left;font-family:Roboto;font-weight:500;font-style:normal\" class=\"vc_custom_heading\" >Contact Form<\/h2>\r\n<div class=\"wpb_text_column wpb_content_element\" >\r\n\t<div class=\"wpb_wrapper\">\r\n\t\t<div class=\"wpforms-container wpforms-container-full\" id=\"wpforms-6071\"><form id=\"wpforms-form-6071\" class=\"wpforms-validate wpforms-form wpforms-ajax-form\" data-formid=\"6071\" method=\"post\" enctype=\"multipart\/form-data\" action=\"\/en\/wp-json\/wp\/v2\/pages\/14\" data-token=\"5e7f7aba3df30afe32fdb58d5b5e07cd\" data-trp-original-action=\"\/en\/wp-json\/wp\/v2\/pages\/14\"><noscript class=\"wpforms-error-noscript\">Please enable JavaScript in your browser to complete this form.<\/noscript><div class=\"wpforms-field-container\"><div id=\"wpforms-6071-field_0-container\" class=\"wpforms-field wpforms-field-name\" data-field-id=\"0\"><label class=\"wpforms-field-label\" for=\"wpforms-6071-field_0\">Name and Surname <span class=\"wpforms-required-label\">*<\/span><\/label><div class=\"wpforms-field-row wpforms-field-medium\"><div class=\"wpforms-field-row-block wpforms-first wpforms-one-half\"><input type=\"text\" id=\"wpforms-6071-field_0\" class=\"wpforms-field-name-first wpforms-field-required\" name=\"wpforms[fields][0][first]\" required><label for=\"wpforms-6071-field_0\" class=\"wpforms-field-sublabel after wpforms-sublabel-hide\">First<\/label><\/div><div class=\"wpforms-field-row-block wpforms-one-half\"><input type=\"text\" id=\"wpforms-6071-field_0-last\" class=\"wpforms-field-name-last wpforms-field-required\" name=\"wpforms[fields][0][last]\" required><label for=\"wpforms-6071-field_0-last\" class=\"wpforms-field-sublabel after wpforms-sublabel-hide\">Last<\/label><\/div><\/div><\/div><div id=\"wpforms-6071-field_3-container\" class=\"wpforms-field wpforms-field-text\" data-field-id=\"3\"><label class=\"wpforms-field-label\" for=\"wpforms-6071-field_3\">Your telephone number <span class=\"wpforms-required-label\">*<\/span><\/label><input type=\"text\" id=\"wpforms-6071-field_3\" class=\"wpforms-field-medium wpforms-field-required\" name=\"wpforms[fields][3]\" value=\"0 555 555 55 55\" required><\/div><div id=\"wpforms-6071-field_1-container\" class=\"wpforms-field wpforms-field-email\" data-field-id=\"1\"><label class=\"wpforms-field-label\" for=\"wpforms-6071-field_1\">E-Mail Address <span class=\"wpforms-required-label\">*<\/span><\/label><input type=\"email\" id=\"wpforms-6071-field_1\" class=\"wpforms-field-medium wpforms-field-required\" name=\"wpforms[fields][1]\" spellcheck=\"false\" required><\/div><div id=\"wpforms-6071-field_2-container\" class=\"wpforms-field wpforms-field-textarea\" data-field-id=\"2\"><label class=\"wpforms-field-label\" for=\"wpforms-6071-field_2\">Your message <span class=\"wpforms-required-label\">*<\/span><\/label><textarea id=\"wpforms-6071-field_2\" class=\"wpforms-field-medium wpforms-field-required\" name=\"wpforms[fields][2]\" required><\/textarea><\/div><\/div><!-- .wpforms-field-container --><div class=\"wpforms-submit-container\" ><input type=\"hidden\" name=\"wpforms[id]\" value=\"6071\"><input type=\"hidden\" name=\"wpforms[author]\" value=\"6\"><button type=\"submit\" name=\"wpforms[submit]\" id=\"wpforms-submit-6071\" class=\"wpforms-submit\" data-alt-text=\"G\u00f6nderiliyor...\" data-submit-text=\"G\u00f6nder\" aria-live=\"assertive\" value=\"wpforms-submit\">Send<\/button><img loading=\"lazy\" decoding=\"async\" src=\"https:\/\/rafine.spcstrategic.com.tr\/wp-content\/plugins\/wpforms-lite\/assets\/images\/submit-spin.svg\" class=\"wpforms-submit-spinner\" style=\"display: none;\" width=\"26\" height=\"26\" alt=\"Loading\"><\/div><input type=\"hidden\" name=\"trp-form-language\" value=\"en\"\/><\/form><\/div>  <!-- .wpforms-container -->\n\t<\/div>\r\n<\/div>\r\n\r\n\r\n\r\n\n\t\t\t<\/div> \n\t\t<\/div>\n\t<\/div> \n<\/div><\/div>","protected":false},"excerpt":{"rendered":"\u0130leti\u015fim Bize Ula\u015f\u0131n Adres: Etiler Mahallesi, Arnavutk\u00f6y Yol soka\u011f\u0131 No:5 Be\u015fikta\u015f \/ \u0130stanbul \/ T\u00fcrkiye E-posta: info@spcstrategic.com \u0130leti\u015fim Formu Please enable JavaScript in your browser to complete this form.Ad\u0131n\u0131z ve...","protected":false},"author":6,"featured_media":0,"parent":0,"menu_order":0,"comment_status":"closed","ping_status":"closed","template":"","meta":{"footnotes":""},"class_list":["post-14","page","type-page","status-publish"],"_links":{"self":[{"href":"https:\/\/rafine.spcstrategic.com.tr\/en\/wp-json\/wp\/v2\/pages\/14","targetHints":{"allow":["GET"]}}],"collection":[{"href":"https:\/\/rafine.spcstrategic.com.tr\/en\/wp-json\/wp\/v2\/pages"}],"about":[{"href":"https:\/\/rafine.spcstrategic.com.tr\/en\/wp-json\/wp\/v2\/types\/page"}],"author":[{"embeddable":true,"href":"https:\/\/rafine.spcstrategic.com.tr\/en\/wp-json\/wp\/v2\/users\/6"}],"replies":[{"embeddable":true,"href":"https:\/\/rafine.spcstrategic.com.tr\/en\/wp-json\/wp\/v2\/comments?post=14"}],"version-history":[{"count":17,"href":"https:\/\/rafine.spcstrategic.com.tr\/en\/wp-json\/wp\/v2\/pages\/14\/revisions"}],"predecessor-version":[{"id":6162,"href":"https:\/\/rafine.spcstrategic.com.tr\/en\/wp-json\/wp\/v2\/pages\/14\/revisions\/6162"}],"wp:attachment":[{"href":"https:\/\/rafine.spcstrategic.com.tr\/en\/wp-json\/wp\/v2\/media?parent=14"}],"curies":[{"name":"wp","href":"https:\/\/api.w.org\/{rel}","templated":true}]}}